{"id":16,"date":"2019-02-24T22:04:09","date_gmt":"2019-02-24T21:04:09","guid":{"rendered":"http:\/\/www.xn--kruterkreis-stoswald-czb.at\/?page_id=16"},"modified":"2025-06-03T20:58:35","modified_gmt":"2025-06-03T18:58:35","slug":"willkommen","status":"publish","type":"page","link":"https:\/\/www.kr\u00e4uterkreis-stoswald.at\/","title":{"rendered":"Willkommen"},"content":{"rendered":"<p>[et_pb_section fb_built=&#8220;1&#8243; _builder_version=&#8220;4.16&#8243; custom_padding=&#8220;0px|0px|0px|0px|true|false&#8220; global_colors_info=&#8220;{}&#8220;][et_pb_row _builder_version=&#8220;4.16&#8243; custom_padding=&#8220;0px|0px|0px|0px|false|false&#8220; global_colors_info=&#8220;{}&#8220;][et_pb_column type=&#8220;4_4&#8243; _builder_version=&#8220;4.16&#8243; custom_padding=&#8220;0px|||&#8220; global_colors_info=&#8220;{}&#8220; custom_padding__hover=&#8220;|||&#8220;][et_pb_image src=&#8220;https:\/\/www.kr\u00e4uterkreis-stoswald.at\/wp-content\/uploads\/2025\/06\/kraeuterkreis-3-1.jpg&#8220; title_text=&#8220;kr\u00e4uterkreis-3&#8243; show_bottom_space=&#8220;off&#8220; force_fullwidth=&#8220;on&#8220; align_tablet=&#8220;center&#8220; align_phone=&#8220;&#8220; align_last_edited=&#8220;on|desktop&#8220; _builder_version=&#8220;4.27.4&#8243; hover_enabled=&#8220;0&#8243; global_colors_info=&#8220;{}&#8220; sticky_enabled=&#8220;0&#8243;][\/et_pb_image][\/et_pb_column][\/et_pb_row][et_pb_row column_structure=&#8220;3_4,1_4&#8243; _builder_version=&#8220;4.16&#8243; global_colors_info=&#8220;{}&#8220;][et_pb_column type=&#8220;3_4&#8243; _builder_version=&#8220;4.16&#8243; custom_padding=&#8220;|||&#8220; global_colors_info=&#8220;{}&#8220; custom_padding__hover=&#8220;|||&#8220;][et_pb_text _builder_version=&#8220;4.16&#8243; custom_padding=&#8220;||0px|||&#8220; global_colors_info=&#8220;{}&#8220;]<\/p>\n<h1>Kr\u00e4uterkreis St. Oswald<\/h1>\n<p style=\"text-align: justify;\">Der Kr\u00e4uterkreis St. Oswald wurde im Zuge der Erbauung des Kr\u00e4uter- und Naschgartens St. Oswald im Jahr 2017 gegr\u00fcndet. Es handelt sich um eine offene Runde, die sich in regelm\u00e4\u00dfigen Abst\u00e4nden trifft um den Garten gemeinsam zu pflegen. Aber auch der Austausch von Kr\u00e4uter- und Gartenwissen und die Gem\u00fctlichkeit kommen nicht zu kurz. Unsere Gemeinschaft ist so bunt wie der Garten und besteht aus Jung und Alt, Weiblein und M\u00e4nnlein, und ist immer offen f\u00fcr Interessierte und neue Mitglieder.<\/p>\n<p style=\"text-align: justify;\">Neben der Pflege des Gartens besch\u00e4ftigen wir uns mit der Kultivierung von neuen und alten Sorten, mit der traditionellen volksheilkundlichen Anwendung von Garten- und Wiesenkr\u00e4utern sowie deren Verwendung sowohl in der K\u00fcche als auch in der Hausapotheke. Auch Traditionen alter Zeiten lassen wir in unserer Runde wieder aufleben. So binden wir allj\u00e4hrlich Kr\u00e4uterbuschen f\u00fcr die Kr\u00e4uterweihe am 15. August und feiern gemeinsam die Sonnenwende bei einem gem\u00fctlichen Lagerfeuer.<\/p>\n<p>[\/et_pb_text][\/et_pb_column][et_pb_column type=&#8220;1_4&#8243; _builder_version=&#8220;4.16&#8243; custom_padding=&#8220;|||&#8220; global_colors_info=&#8220;{}&#8220; custom_padding__hover=&#8220;|||&#8220;][et_pb_image src=&#8220;http:\/\/www.kr\u00e4uterkreis-stoswald.at\/wp-content\/uploads\/2019\/09\/kr\u00e4uterkreis_logo.gif&#8220; _builder_version=&#8220;4.16&#8243; global_colors_info=&#8220;{}&#8220;][\/et_pb_image][\/et_pb_column][\/et_pb_row][et_pb_row _builder_version=&#8220;4.16&#8243; custom_padding=&#8220;0px||10px||false|false&#8220; global_colors_info=&#8220;{}&#8220;][et_pb_column type=&#8220;4_4&#8243; _builder_version=&#8220;4.16&#8243; custom_padding=&#8220;|||&#8220; global_colors_info=&#8220;{}&#8220; custom_padding__hover=&#8220;|||&#8220;][et_pb_text _builder_version=&#8220;4.16&#8243; global_colors_info=&#8220;{}&#8220;]<\/p>\n<p>Au\u00dferdem veranstaltet der Kr\u00e4uterkreis St. Oswald jedes Jahr einen Pflanzentauschmarkt und organisiert Vortr\u00e4ge und Workshops, die f\u00fcr alle immer sehr spannend und informativ sind. Die Treffen finden von April bis September regelm\u00e4\u00dfig alle 14 Tage an einem Mittwoch ab 19 Uhr statt. Im M\u00e4rz und Oktober werden Termine und Uhrzeit kurzfristig vereinbart. Neugierig geworden? Dann schau einfach spontan vorbei oder melde dich bei uns \u263a<\/p>\n<p>Die Initiatorinnen des Kr\u00e4uterkreises sind:<\/p>\n<p>[\/et_pb_text][\/et_pb_column][\/et_pb_row][et_pb_row column_structure=&#8220;1_3,1_3,1_3&#8243; _builder_version=&#8220;4.16&#8243; global_colors_info=&#8220;{}&#8220;][et_pb_column type=&#8220;1_3&#8243; _builder_version=&#8220;4.16&#8243; custom_padding=&#8220;|||&#8220; global_colors_info=&#8220;{}&#8220; custom_padding__hover=&#8220;|||&#8220;][et_pb_team_member name=&#8220;Gerda Wolf&#8220; image_url=&#8220;http:\/\/www.kr\u00e4uterkreis-stoswald.at\/wp-content\/uploads\/2019\/06\/Gerda_klein.jpeg&#8220; _builder_version=&#8220;4.16&#8243; custom_padding=&#8220;0px|||||&#8220; border_radii_image=&#8220;on|11px|11px|11px|11px&#8220; global_colors_info=&#8220;{}&#8220;]<\/p>\n<p>Akademische Expertin f\u00fcr Gartentherapie, Natur- und Landschaftsvermittlerin, Diplom-Gestaltp\u00e4dagogin<\/p>\n<p>[\/et_pb_team_member][\/et_pb_column][et_pb_column type=&#8220;1_3&#8243; _builder_version=&#8220;4.16&#8243; custom_padding=&#8220;|||&#8220; global_colors_info=&#8220;{}&#8220; custom_padding__hover=&#8220;|||&#8220;][et_pb_team_member name=&#8220;DI Doris Wimmer&#8220; image_url=&#8220;http:\/\/www.kr\u00e4uterkreis-stoswald.at\/wp-content\/uploads\/2019\/07\/NOEGKK_Poeggstall22092018-370.jpeg&#8220; _builder_version=&#8220;4.16&#8243; custom_padding=&#8220;0px|||||&#8220; border_radii_image=&#8220;on|10px|10px|10px|10px&#8220; global_colors_info=&#8220;{}&#8220;]<\/p>\n<p style=\"text-align: left;\">zertifizierter Wildkr\u00e4uterguide, Obstbaumw\u00e4rterin, Natur- und Landschaftsvermittlerin<\/p>\n<p>[\/et_pb_team_member][\/et_pb_column][et_pb_column type=&#8220;1_3&#8243; _builder_version=&#8220;4.16&#8243; custom_padding=&#8220;|||&#8220; global_colors_info=&#8220;{}&#8220; custom_padding__hover=&#8220;|||&#8220;][et_pb_team_member name=&#8220;Barbara Leonhardsberger&#8220; image_url=&#8220;http:\/\/www.kr\u00e4uterkreis-stoswald.at\/wp-content\/uploads\/2019\/07\/DSC_0359.jpg&#8220; _builder_version=&#8220;4.16&#8243; custom_padding=&#8220;0px|||||&#8220; border_radii_image=&#8220;on|10px|10px|10px|10px&#8220; global_colors_info=&#8220;{}&#8220;]<\/p>\n<p>G\u00e4rtnerin und Floristin, Projektleiterin Kr\u00e4uter- und Naschgarten St. Oswald<\/p>\n<p>[\/et_pb_team_member][\/et_pb_column][\/et_pb_row][et_pb_row _builder_version=&#8220;4.16&#8243; global_colors_info=&#8220;{}&#8220;][et_pb_column type=&#8220;4_4&#8243; _builder_version=&#8220;4.16&#8243; global_colors_info=&#8220;{}&#8220;][et_pb_text _builder_version=&#8220;4.16&#8243; global_colors_info=&#8220;{}&#8220;]<\/p>\n<p>Die Initiative wird mitgetragen von der Gesunden Gemeinde St. Oswald<\/p>\n<p>[\/et_pb_text][\/et_pb_column][\/et_pb_row][\/et_pb_section][et_pb_section fb_built=&#8220;1&#8243; admin_label=&#8220;Section&#8220; _builder_version=&#8220;3.22.3&#8243; custom_padding=&#8220;0px||0px|&#8220; custom_padding_tablet=&#8220;0px||0px|&#8220; transparent_background=&#8220;off&#8220; padding_mobile=&#8220;on&#8220; make_fullwidth=&#8220;off&#8220; use_custom_width=&#8220;off&#8220; width_unit=&#8220;on&#8220; global_module=&#8220;3936&#8243; global_colors_info=&#8220;{}&#8220;][et_pb_row use_custom_gutter=&#8220;on&#8220; gutter_width=&#8220;1&#8243; padding_mobile=&#8220;on&#8220; column_padding_mobile=&#8220;on&#8220; admin_label=&#8220;Row&#8220; module_class=&#8220; et_pb_row_fullwidth&#8220; _builder_version=&#8220;4.16&#8243; background_size=&#8220;initial&#8220; background_position=&#8220;top_left&#8220; background_repeat=&#8220;repeat&#8220; width=&#8220;100%&#8220; width_tablet=&#8220;100%&#8220; width_phone=&#8220;&#8220; width_last_edited=&#8220;on|desktop&#8220; max_width=&#8220;100%&#8220; max_width_tablet=&#8220;100%&#8220; max_width_phone=&#8220;&#8220; max_width_last_edited=&#8220;on|desktop&#8220; custom_padding=&#8220;0px||0px|&#8220; make_fullwidth=&#8220;on&#8220; use_custom_width=&#8220;off&#8220; width_unit=&#8220;on&#8220; global_colors_info=&#8220;{}&#8220;][et_pb_column type=&#8220;4_4&#8243; _builder_version=&#8220;4.16&#8243; custom_padding=&#8220;|||&#8220; global_colors_info=&#8220;{}&#8220; custom_padding__hover=&#8220;|||&#8220;][et_pb_map address=&#8220;3684 St. Oswald, \u00d6sterreich&#8220; zoom_level=&#8220;16&#8243; address_lat=&#8220;48.267172329955&#8243; address_lng=&#8220;15.032064322198&#8243; mouse_wheel=&#8220;off&#8220; use_grayscale_filter=&#8220;on&#8220; grayscale_filter_amount=&#8220;100&#8243; admin_label=&#8220;Map&#8220; _builder_version=&#8220;4.16&#8243; child_filter_saturate=&#8220;0%&#8220; global_colors_info=&#8220;{}&#8220;][\/et_pb_map][\/et_pb_column][\/et_pb_row][\/et_pb_section][et_pb_section fb_built=&#8220;1&#8243; admin_label=&#8220;Section&#8220; _builder_version=&#8220;3.22.3&#8243; background_color=&#8220;#3c3d41&#8243; custom_padding=&#8220;0px||0px|&#8220; custom_padding_tablet=&#8220;0px||0px|&#8220; transparent_background=&#8220;off&#8220; padding_mobile=&#8220;on&#8220; make_fullwidth=&#8220;off&#8220; use_custom_width=&#8220;off&#8220; width_unit=&#8220;on&#8220; global_module=&#8220;3937&#8243; global_colors_info=&#8220;{}&#8220;][et_pb_row padding_mobile=&#8220;on&#8220; column_padding_mobile=&#8220;on&#8220; admin_label=&#8220;Row&#8220; module_class=&#8220; et_pb_row_fullwidth&#8220; _builder_version=&#8220;4.16&#8243; background_size=&#8220;initial&#8220; background_position=&#8220;top_left&#8220; background_repeat=&#8220;repeat&#8220; width=&#8220;94%&#8220; width_tablet=&#8220;80%&#8220; width_phone=&#8220;&#8220; width_last_edited=&#8220;on|desktop&#8220; max_width=&#8220;94%&#8220; max_width_tablet=&#8220;80%&#8220; max_width_phone=&#8220;&#8220; max_width_last_edited=&#8220;on|desktop&#8220; custom_padding=&#8220;50px||30px|&#8220; make_fullwidth=&#8220;on&#8220; use_custom_width=&#8220;off&#8220; width_unit=&#8220;on&#8220; global_colors_info=&#8220;{}&#8220;][et_pb_column type=&#8220;4_4&#8243; _builder_version=&#8220;4.16&#8243; custom_padding=&#8220;|||&#8220; global_colors_info=&#8220;{}&#8220; custom_padding__hover=&#8220;|||&#8220;][et_pb_text admin_label=&#8220;Text&#8220; _builder_version=&#8220;4.16&#8243; text_font=&#8220;Source Sans Pro||||&#8220; text_text_color=&#8220;#ffffff&#8220; text_font_size=&#8220;18&#8243; text_line_height=&#8220;2.2em&#8220; link_font=&#8220;||||||||&#8220; background_size=&#8220;initial&#8220; background_position=&#8220;top_left&#8220; background_repeat=&#8220;repeat&#8220; text_orientation=&#8220;center&#8220; module_alignment=&#8220;center&#8220; custom_margin=&#8220;||49px|&#8220; custom_padding=&#8220;0px|||&#8220; use_border_color=&#8220;off&#8220; border_color=&#8220;#ffffff&#8220; border_style=&#8220;solid&#8220; global_colors_info=&#8220;{}&#8220;]<\/p>\n<p><span style=\"color: #ffffff; margin-right: 3%;\"><a style=\"color: #ffffff;\" href=\"#\">Kr\u00e4uterkreis<\/a><\/span> <span style=\"color: #ffffff; margin-right: 3%;\"><a style=\"color: #ffffff;\" href=\"http:\/\/www.kr\u00e4uterkreis-stoswald.at\/?page_id=3436\">Naschgarten\u00a0<\/a><\/span> <span style=\"color: #ffffff; margin-right: 3%;\"><a style=\"color: #ffffff;\" href=\"#\">Aktivit\u00e4ten<\/a><\/span> <span style=\"color: #ffffff; margin-right: 3%;\">Termine<\/span> <span style=\"color: #ffffff; margin-right: 3%;\"><a style=\"color: #ffffff;\" href=\"#\">Schreibe uns<\/a><\/span><span style=\"color: #ffffff; margin-right: 3%;\"><a style=\"color: #ffffff;\" href=\"http:\/\/www.kr\u00e4uterkreis-stoswald.at\/?page_id=3\">Impressum<\/a><\/span><\/p>\n<p>[\/et_pb_text][\/et_pb_column][\/et_pb_row][\/et_pb_section]<\/p>\n","protected":false},"excerpt":{"rendered":"<p>Kr\u00e4uterkreis St. Oswald Der Kr\u00e4uterkreis St. Oswald wurde im Zuge der Erbauung des Kr\u00e4uter- und Naschgartens St. Oswald im Jahr 2017 gegr\u00fcndet. Es handelt sich um eine offene Runde, die sich in regelm\u00e4\u00dfigen Abst\u00e4nden trifft um den Garten gemeinsam zu pflegen. Aber auch der Austausch von Kr\u00e4uter- und Gartenwissen und die Gem\u00fctlichkeit kommen nicht zu [&hellip;]<\/p>\n","protected":false},"author":2,"featured_media":0,"parent":0,"menu_order":0,"comment_status":"closed","ping_status":"closed","template":"","meta":{"_et_pb_use_builder":"on","_et_pb_old_content":"","_et_gb_content_width":"","footnotes":""},"class_list":["post-16","page","type-page","status-publish","hentry"],"_links":{"self":[{"href":"https:\/\/www.kr\u00e4uterkreis-stoswald.at\/index.php?rest_route=\/wp\/v2\/pages\/16","targetHints":{"allow":["GET"]}}],"collection":[{"href":"https:\/\/www.kr\u00e4uterkreis-stoswald.at\/index.php?rest_route=\/wp\/v2\/pages"}],"about":[{"href":"https:\/\/www.kr\u00e4uterkreis-stoswald.at\/index.php?rest_route=\/wp\/v2\/types\/page"}],"author":[{"embeddable":true,"href":"https:\/\/www.kr\u00e4uterkreis-stoswald.at\/index.php?rest_route=\/wp\/v2\/users\/2"}],"replies":[{"embeddable":true,"href":"https:\/\/www.kr\u00e4uterkreis-stoswald.at\/index.php?rest_route=%2Fwp%2Fv2%2Fcomments&post=16"}],"version-history":[{"count":33,"href":"https:\/\/www.kr\u00e4uterkreis-stoswald.at\/index.php?rest_route=\/wp\/v2\/pages\/16\/revisions"}],"predecessor-version":[{"id":4318,"href":"https:\/\/www.kr\u00e4uterkreis-stoswald.at\/index.php?rest_route=\/wp\/v2\/pages\/16\/revisions\/4318"}],"wp:attachment":[{"href":"https:\/\/www.kr\u00e4uterkreis-stoswald.at\/index.php?rest_route=%2Fwp%2Fv2%2Fmedia&parent=16"}],"curies":[{"name":"wp","href":"https:\/\/api.w.org\/{rel}","templated":true}]}}